{"id":86,"date":"2021-10-05T09:30:53","date_gmt":"2021-10-05T07:30:53","guid":{"rendered":"https:\/\/manonbijoux.cz\/?page_id=86"},"modified":"2021-10-05T09:58:57","modified_gmt":"2021-10-05T07:58:57","slug":"manon-bijoux","status":"publish","type":"page","link":"https:\/\/manonbijoux.cz\/","title":{"rendered":"Manon Bijoux"},"content":{"rendered":"\n<p class=\"has-medium-font-size\">V\u00edtejte na webu Manon Bijoux. Jsme mal\u00e1 rodinn\u00e1 firma zab\u00fdvaj\u00edc\u00ed se v\u00fdrobou autorsk\u00fdch \u0161perk\u016f z miner\u00e1ln\u00edch kamen\u016f a \u010desk\u00e9ho skla. <\/p>\n\n\n\n<figure class=\"wp-block-image size-full\"><img loading=\"lazy\" decoding=\"async\" width=\"751\" height=\"336\" src=\"https:\/\/manonbijoux.cz\/wp-content\/uploads\/2021\/10\/3.jpg\" alt=\"\" class=\"wp-image-101\"\/><\/figure>\n\n\n\n<p class=\"has-medium-font-size\">D\u00e1le tak\u00e9 nab\u00edz\u00edme \u0161irok\u00fd sortiment kor\u00e1lk\u016f a komponent z miner\u00e1ln\u00edch kamen\u016f, pro va\u0161i tvorbu. <\/p>\n\n\n\n<hr class=\"wp-block-separator is-style-dots\"\/>\n\n\n\n<figure class=\"wp-block-image size-full\"><img loading=\"lazy\" decoding=\"async\" width=\"751\" height=\"336\" src=\"https:\/\/manonbijoux.cz\/wp-content\/uploads\/2021\/10\/6.jpg\" alt=\"\" class=\"wp-image-99\"\/><\/figure>\n","protected":false},"excerpt":{"rendered":"<p>V\u00edtejte na webu Manon Bijoux. Jsme mal\u00e1 rodinn\u00e1 firma zab\u00fdvaj\u00edc\u00ed se v\u00fdrobou autorsk\u00fdch \u0161perk\u016f z miner\u00e1ln\u00edch kamen\u016f a \u010desk\u00e9ho skla. D\u00e1le tak\u00e9 nab\u00edz\u00edme \u0161irok\u00fd sortiment kor\u00e1lk\u016f a komponent z miner\u00e1ln\u00edch &hellip; <\/p>\n<p class=\"link-more\"><a href=\"https:\/\/manonbijoux.cz\/\" class=\"more-link\">Pokra\u010dovat ve \u010dten\u00ed<span class=\"screen-reader-text\"> &#8222;Manon Bijoux&#8220;<\/span><\/a><\/p>\n","protected":false},"author":1,"featured_media":0,"parent":0,"menu_order":0,"comment_status":"closed","ping_status":"closed","template":"templates\/template-cover.php","meta":{"footnotes":""},"class_list":["post-86","page","type-page","status-publish","hentry"],"_links":{"self":[{"href":"https:\/\/manonbijoux.cz\/index.php\/wp-json\/wp\/v2\/pages\/86","targetHints":{"allow":["GET"]}}],"collection":[{"href":"https:\/\/manonbijoux.cz\/index.php\/wp-json\/wp\/v2\/pages"}],"about":[{"href":"https:\/\/manonbijoux.cz\/index.php\/wp-json\/wp\/v2\/types\/page"}],"author":[{"embeddable":true,"href":"https:\/\/manonbijoux.cz\/index.php\/wp-json\/wp\/v2\/users\/1"}],"replies":[{"embeddable":true,"href":"https:\/\/manonbijoux.cz\/index.php\/wp-json\/wp\/v2\/comments?post=86"}],"version-history":[{"count":5,"href":"https:\/\/manonbijoux.cz\/index.php\/wp-json\/wp\/v2\/pages\/86\/revisions"}],"predecessor-version":[{"id":102,"href":"https:\/\/manonbijoux.cz\/index.php\/wp-json\/wp\/v2\/pages\/86\/revisions\/102"}],"wp:attachment":[{"href":"https:\/\/manonbijoux.cz\/index.php\/wp-json\/wp\/v2\/media?parent=86"}],"curies":[{"name":"wp","href":"https:\/\/api.w.org\/{rel}","templated":true}]}}